{"id":5748,"date":"2024-10-04T14:45:28","date_gmt":"2024-10-04T14:45:28","guid":{"rendered":"https:\/\/likavent.ro\/?page_id=5748"},"modified":"2024-10-04T14:46:27","modified_gmt":"2024-10-04T14:46:27","slug":"despre-noi","status":"publish","type":"page","link":"https:\/\/likavent.ro\/index.php\/despre-noi\/","title":{"rendered":"Despre Noi?"},"content":{"rendered":"<!--vcv no format--><!-- vcwb\/dynamicElementComment:2d70ed09 --><div class=\"vce-row-container\" data-vce-boxed-width=\"true\"><div class=\"vce-row vce-row--col-gap-30 vce-row-equal-height vce-row-content--top\" id=\"el-2d70ed09\" data-vce-do-apply=\"all el-2d70ed09\"><div class=\"vce-row-content\" data-vce-element-content=\"true\"><!-- vcwb\/dynamicElementComment:d9f7e5d6 --><div class=\"vce-col vce-col--md-auto vce-col--xs-1 vce-col--xs-last vce-col--xs-first vce-col--sm-last vce-col--sm-first vce-col--md-last vce-col--lg-last vce-col--xl-last vce-col--md-first vce-col--lg-first vce-col--xl-first\" id=\"el-d9f7e5d6\"><div class=\"vce-col-inner\" data-vce-do-apply=\"border margin background  el-d9f7e5d6\"><div class=\"vce-col-content\" data-vce-element-content=\"true\" data-vce-do-apply=\"padding el-d9f7e5d6\"><!-- vcwb\/dynamicElementComment:e61cdfb0 --><!-- \/vcwb\/dynamicElementComment:e61cdfb0 --><div class=\"vcv-row-control-wrapper\"><\/div><\/div><\/div><\/div><!-- \/vcwb\/dynamicElementComment:d9f7e5d6 --><\/div><\/div><\/div><!-- \/vcwb\/dynamicElementComment:2d70ed09 --><!-- vcwb\/dynamicElementComment:1158add6 --><div class=\"vce-row-container\" data-vce-boxed-width=\"true\"><div class=\"vce-row vce-row--col-gap-30 vce-row-equal-height vce-row-content--top\" id=\"el-1158add6\" data-vce-do-apply=\"all el-1158add6\"><div class=\"vce-row-content\" data-vce-element-content=\"true\"><!-- vcwb\/dynamicElementComment:5f362aa4 --><div class=\"vce-col vce-col--md-auto vce-col--xs-1 vce-col--xs-last vce-col--xs-first vce-col--sm-last vce-col--sm-first vce-col--md-last vce-col--lg-last vce-col--xl-last vce-col--md-first vce-col--lg-first vce-col--xl-first\" id=\"el-5f362aa4\"><div class=\"vce-col-inner\" data-vce-do-apply=\"border margin background  el-5f362aa4\"><div class=\"vce-col-content\" data-vce-element-content=\"true\" data-vce-do-apply=\"padding el-5f362aa4\"><!-- vcwb\/dynamicElementComment:08555e56 --><div class=\"vce-raw-html\"><div class=\"vce-raw-html-wrapper\" id=\"el-08555e56\" data-vce-do-apply=\"all el-08555e56\">\n\n\n    <meta charset=\"UTF-8\">\n    <meta name=\"viewport\" content=\"width=device-width, initial-scale=1.0\">\n    <title>Despre Noi<\/title>\n    <style>\n        .parallax {\n            position: relative;\n            background-image: url('|!|vcvUploadUrl|!|\/2015\/08\/slider-3.png?id=4599');\n            background-attachment: fixed;\n            background-position: center;\n            background-repeat: no-repeat;\n            background-size: cover;\n            padding-top: 260px;\n            padding-bottom: 160px;\n            margin-bottom: 0;\n        }\n        .social-icons {\n            text-align: center;\n        }\n        .contact-info {\n            display: flex;\n            justify-content: space-between;\n            padding: 80px 0;\n            background-color: #ee3b39;\n            color: white;\n        }\n        .contact-info div {\n            width: 30%;\n        }\n        .contact-info .contact-details {\n            text-align: left;\n        }\n        .contact-info .contact-button {\n            text-align: center;\n        }\n    <\/style>\n\n\n\n    <div class=\"parallax\">\n        <h1>Despre Noi<\/h1>\n    <\/div>\n\n    <div class=\"about-us\">\n        <div>\n            <h2>S.C. LIKAVENT S.R.L.<\/h2>\n            <p>A fost fondata in luna august 2013 si dispune de personal de specialitate cu o solida pregatire profesionala, experimentat si motivat de realizarile obtinute si de perspectivele existente.<\/p>\n            <p>Suntem un colectiv t\u00e2nar, generator de idei constructive, aflat \u00een permanenta interactiune si urmarind satisfacerea \u00een totalitate a cerintelor clientilor prin serviciile de calitate prestate \u00een folosul acestora.<\/p>\n            <p>Societatea noastra va ofera o gama larga de servicii si produse in domeniul ventilatiilor.<\/p>\n            <p>Portofoliul nostru descrie cel mai bine nivelul la care ne aflam pe piata romaneasca si nu numai.<\/p>\n            <p>Preturile fara concurenta, profesionalismul si promptitudinea, vin in intampinarea nevoilor dumneavoastra.<\/p>\n            <p>Reclama noastra este prezentata prin lucrarile pe care le-am efectuat!<\/p>\n            <p>Asteptam provocari noi!<\/p>\n        <\/div>\n\n        <div class=\"social-icons\">\n            <a href=\"http:\/\/themeforest.net\/item\/epix-fullscreen-photography-wordpress-theme\/5783556\">Pinterest<\/a>\n            <a href=\"http:\/\/themeforest.net\/item\/epix-fullscreen-photography-wordpress-theme\/5783556\">Instagram<\/a>\n            <a href=\"http:\/\/themeforest.net\/item\/epix-fullscreen-photography-wordpress-theme\/5783556\">Social<\/a>\n        <\/div>\n    <\/div>\n\n    <div class=\"contact-info\">\n        <div class=\"address\">\n            <h3>SEDIU SOCIAL<\/h3>\n            <p>INTR. CRAINICULUI NR. 7, BL. Z9, SC. 1, AP. 3, BUCURESTI, SECTOR 6<\/p>\n        <\/div>\n        <div class=\"address\">\n            <h3>PUNCT DE LUCRU\/BIROU<\/h3>\n            <p>BD. THEODOR PALLADY NR. 287, (INCINTA I.O.R. 2), BUCURESTI, SECTOR 3<\/p>\n        <\/div>\n        <div class=\"contact-details\">\n            <h3>CONTACTATI-NE<\/h3>\n            <p>0769 537 503<\/p>\n            <p>0786 651 000<\/p>\n            <p>0213 453 791<\/p>\n            <p>office@likavent.ro<\/p>\n            <div class=\"contact-button\">\n                <a href=\"https:\/\/likavent.ro\/index.php\/contact-us\/\" style=\"display: inline-block; padding: 10px 20px; background-color: white; color: #ee3b39; text-decoration: none; border-radius: 5px;\">TRIMITE UN MESAJ !<\/a>\n            <\/div>\n        <\/div>\n    <\/div>\n\n\n\n<\/div><\/div><!-- \/vcwb\/dynamicElementComment:08555e56 --><\/div><\/div><\/div><!-- \/vcwb\/dynamicElementComment:5f362aa4 --><\/div><\/div><\/div><!-- \/vcwb\/dynamicElementComment:1158add6 --><!--vcv no format-->","protected":false},"excerpt":{"rendered":"<p>Despre Noi Despre Noi S.C. LIKAVENT S.R.L. A fost fondata in luna august 2013 si dispune de personal de specialitate cu o solida pregatire profesionala, experimentat si motivat de realizarile obtinute si de perspectivele existente. Suntem un colectiv t\u00e2nar, generator de idei constructive, aflat \u00een permanenta interactiune si urmarind satisfacerea \u00een totalitate a cerintelor clientilor &#8230; <a class=\"excerpt-readmore\" href=\"https:\/\/likavent.ro\/index.php\/despre-noi\/\">Read More<\/a><\/p>\n","protected":false},"author":2,"featured_media":0,"parent":0,"menu_order":0,"comment_status":"closed","ping_status":"closed","template":"","meta":{"footnotes":""},"class_list":["post-5748","page","type-page","status-publish","hentry"],"_links":{"self":[{"href":"https:\/\/likavent.ro\/index.php\/wp-json\/wp\/v2\/pages\/5748","targetHints":{"allow":["GET"]}}],"collection":[{"href":"https:\/\/likavent.ro\/index.php\/wp-json\/wp\/v2\/pages"}],"about":[{"href":"https:\/\/likavent.ro\/index.php\/wp-json\/wp\/v2\/types\/page"}],"author":[{"embeddable":true,"href":"https:\/\/likavent.ro\/index.php\/wp-json\/wp\/v2\/users\/2"}],"replies":[{"embeddable":true,"href":"https:\/\/likavent.ro\/index.php\/wp-json\/wp\/v2\/comments?post=5748"}],"version-history":[{"count":2,"href":"https:\/\/likavent.ro\/index.php\/wp-json\/wp\/v2\/pages\/5748\/revisions"}],"predecessor-version":[{"id":5751,"href":"https:\/\/likavent.ro\/index.php\/wp-json\/wp\/v2\/pages\/5748\/revisions\/5751"}],"wp:attachment":[{"href":"https:\/\/likavent.ro\/index.php\/wp-json\/wp\/v2\/media?parent=5748"}],"curies":[{"name":"wp","href":"https:\/\/api.w.org\/{rel}","templated":true}]}}