{"id":3801,"date":"2016-03-14T11:18:09","date_gmt":"2016-03-14T11:18:09","guid":{"rendered":"http:\/\/247-software.com\/likavent\/?page_id=3801"},"modified":"2024-09-26T14:05:46","modified_gmt":"2024-09-26T14:05:46","slug":"servicii","status":"publish","type":"page","link":"https:\/\/likavent.ro\/index.php\/servicii\/","title":{"rendered":"Servicii"},"content":{"rendered":"<!--vcv no format--><!-- vcwb\/dynamicElementComment:5c972b7f --><div class=\"vce-row-container\" data-vce-boxed-width=\"true\"><div class=\"vce-row vce-row--col-gap-30 vce-row-equal-height vce-row-content--top\" id=\"el-5c972b7f\" data-vce-do-apply=\"all el-5c972b7f\"><div class=\"vce-row-content\" data-vce-element-content=\"true\"><!-- vcwb\/dynamicElementComment:b9c52ddc --><div class=\"vce-col vce-col--md-auto vce-col--xs-1 vce-col--xs-last vce-col--xs-first vce-col--sm-last vce-col--sm-first vce-col--md-last vce-col--lg-last vce-col--xl-last vce-col--md-first vce-col--lg-first vce-col--xl-first\" id=\"el-b9c52ddc\"><div class=\"vce-col-inner\" data-vce-do-apply=\"border margin background  el-b9c52ddc\"><div class=\"vce-col-content\" data-vce-element-content=\"true\" data-vce-do-apply=\"padding el-b9c52ddc\"><!-- vcwb\/dynamicElementComment:542414e9 --><!-- \/vcwb\/dynamicElementComment:542414e9 --><div class=\"vcv-row-control-wrapper\"><\/div><\/div><\/div><\/div><!-- \/vcwb\/dynamicElementComment:b9c52ddc --><\/div><\/div><\/div><!-- \/vcwb\/dynamicElementComment:5c972b7f --><!-- vcwb\/dynamicElementComment:60f17c87 --><div class=\"vce-row-container\" data-vce-boxed-width=\"true\"><div class=\"vce-row vce-row--col-gap-30 vce-row-equal-height vce-row-content--top\" id=\"el-60f17c87\" data-vce-do-apply=\"all el-60f17c87\"><div class=\"vce-row-content\" data-vce-element-content=\"true\"><!-- vcwb\/dynamicElementComment:0f42ac4a --><div class=\"vce-col vce-col--md-auto vce-col--xs-1 vce-col--xs-last vce-col--xs-first vce-col--sm-last vce-col--sm-first vce-col--md-last vce-col--lg-last vce-col--xl-last vce-col--md-first vce-col--lg-first vce-col--xl-first\" id=\"el-0f42ac4a\"><div class=\"vce-col-inner\" data-vce-do-apply=\"border margin background  el-0f42ac4a\"><div class=\"vce-col-content\" data-vce-element-content=\"true\" data-vce-do-apply=\"padding el-0f42ac4a\"><!-- vcwb\/dynamicElementComment:bc57b198 --><div class=\"vce-raw-html\"><div class=\"vce-raw-html-wrapper\" id=\"el-bc57b198\" data-vce-do-apply=\"all el-bc57b198\"><!-- Background parallax section -->\n<div style=\"background-image: url('|!|vcvUploadUrl|!|\/2016\/03\/slide-servicii.png'); background-attachment: fixed; background-size: cover; background-position: center; padding: 200px 0; margin-bottom: 0;\">\n    <div style=\"text-align: center;\">\n        <h1 style=\"color: white;\">Servicii<\/h1>\n    <\/div>\n<\/div>\n\n<!-- Circle Image Section -->\n<div style=\"margin-top: -150px; text-align: center;\">\n    <img decoding=\"async\" src=\"|!|vcvUploadUrl|!|\/2016\/03\/sample-image.jpg\" alt=\"Image\" style=\"width: 300px; height: 300px; border-radius: 50%; border: 2px solid #000;\">\n<\/div>\n\n<!-- Text and lists -->\n<div style=\"display: flex; justify-content: center; margin-top: 50px;\">\n    <div style=\"width: 33%;\"><\/div> <!-- Empty column for centering -->\n    <div style=\"width: 66%; text-align: center;\">\n        <p>Proiectarea, execu\u021bia \u0219i montarea instala\u021biilor HVAC<\/p>\n\n        <div style=\"display: flex;\">\n            <ul style=\"width: 50%; text-align: left; padding-right: 20px;\">\n                <li>Tubulatur\u0103 de ventila\u021bie rectangular\u0103 \u0219i circular\u0103 din tabl\u0103 zincat\u0103 \u0219i din ALP<\/li>\n                <li>Piese speciale din tabl\u0103 zincat\u0103 \u0219i ALP pentru ventila\u021bie \u0219i climatizare<\/li>\n                <li>Lucr\u0103ri de protec\u021bie cu vat\u0103 mineral\u0103 \u0219i tabl\u0103 zincat\u0103 a \u021bevilor<\/li>\n                <li>Cutii plenum din tabl\u0103 zincat\u0103 izolate \u0219i neizolate<\/li>\n            <\/ul>\n            <ul style=\"width: 50%; text-align: left;\">\n                <li>Sisteme de \u00eenc\u0103lzire centrale<\/li>\n                <li>Co\u0219uri de fum pentru centrale<\/li>\n                <li>Topogane \u0219i guri de desc\u0103rcare din tabl\u0103 zincat\u0103<\/li>\n                <li>Hote industriale, inclusiv montarea sistemului de evacuare<\/li>\n            <\/ul>\n        <\/div>\n    <\/div>\n    <div style=\"width: 33%;\"><\/div> <!-- Empty column for centering -->\n<\/div>\n\n<!-- Red Section with Contact Info -->\n<div style=\"background-color: #ee3b39; color: white; padding: 80px 0; margin-top: 100px;\">\n    <div style=\"display: flex; justify-content: center;\">\n        <div style=\"width: 25%; text-align: center;\">\n            <h3>SEDIU SOCIAL<\/h3>\n            <p>INTR. CRAINICULUI NR. 7, BL. Z9, SC. 1, AP. 3, BUCURE\u0218TI, SECTOR 6<\/p>\n            <h3>PUNCT DE LUCRU\/BIROU<\/h3>\n            <p>BD. THEODOR PALLADY NR. 287, (INCINTA I.O.R. 2), BUCURE\u0218TI, SECTOR 3<\/p>\n        <\/div>\n        <div style=\"width: 25%; text-align: center;\">\n            <h3>CONTACTA\u021aI-NE<\/h3>\n            <p>0769 537 503<\/p>\n            <p>0213 453 791<\/p>\n            <p>liviutruica@likavent.ro<\/p>\n            <p>acte@likavent.ro<\/p>\n        <\/div>\n        <div style=\"width: 25%; text-align: center;\">\n            <a href=\"https:\/\/likavent.ro\/index.php\/contact-us\/\" style=\"background-color: white; color: #ee3b39; padding: 10px 20px; text-decoration: none; border: 2px solid white; font-size: 18px;\">\n                TRIMITE UN MESAJ!\n            <\/a>\n        <\/div>\n    <\/div>\n<\/div>\n<\/div><\/div><!-- \/vcwb\/dynamicElementComment:bc57b198 --><\/div><\/div><\/div><!-- \/vcwb\/dynamicElementComment:0f42ac4a --><\/div><\/div><\/div><!-- \/vcwb\/dynamicElementComment:60f17c87 --><!--vcv no format-->","protected":false},"excerpt":{"rendered":"<p>Servicii Proiectarea, execu\u021bia \u0219i montarea instala\u021biilor HVAC Tubulatur\u0103 de ventila\u021bie rectangular\u0103 \u0219i circular\u0103 din tabl\u0103 zincat\u0103 \u0219i din ALP Piese speciale din tabl\u0103 zincat\u0103 \u0219i ALP pentru ventila\u021bie \u0219i climatizare Lucr\u0103ri de protec\u021bie cu vat\u0103 mineral\u0103 \u0219i tabl\u0103 zincat\u0103 a \u021bevilor Cutii plenum din tabl\u0103 zincat\u0103 izolate \u0219i neizolate Sisteme de \u00eenc\u0103lzire centrale Co\u0219uri de &#8230; <a class=\"excerpt-readmore\" href=\"https:\/\/likavent.ro\/index.php\/servicii\/\">Read More<\/a><\/p>\n","protected":false},"author":2,"featured_media":0,"parent":0,"menu_order":0,"comment_status":"closed","ping_status":"open","template":"","meta":{"footnotes":""},"class_list":["post-3801","page","type-page","status-publish","hentry"],"_links":{"self":[{"href":"https:\/\/likavent.ro\/index.php\/wp-json\/wp\/v2\/pages\/3801","targetHints":{"allow":["GET"]}}],"collection":[{"href":"https:\/\/likavent.ro\/index.php\/wp-json\/wp\/v2\/pages"}],"about":[{"href":"https:\/\/likavent.ro\/index.php\/wp-json\/wp\/v2\/types\/page"}],"author":[{"embeddable":true,"href":"https:\/\/likavent.ro\/index.php\/wp-json\/wp\/v2\/users\/2"}],"replies":[{"embeddable":true,"href":"https:\/\/likavent.ro\/index.php\/wp-json\/wp\/v2\/comments?post=3801"}],"version-history":[{"count":34,"href":"https:\/\/likavent.ro\/index.php\/wp-json\/wp\/v2\/pages\/3801\/revisions"}],"predecessor-version":[{"id":5716,"href":"https:\/\/likavent.ro\/index.php\/wp-json\/wp\/v2\/pages\/3801\/revisions\/5716"}],"wp:attachment":[{"href":"https:\/\/likavent.ro\/index.php\/wp-json\/wp\/v2\/media?parent=3801"}],"curies":[{"name":"wp","href":"https:\/\/api.w.org\/{rel}","templated":true}]}}